{"id":27,"date":"2022-02-06T23:00:53","date_gmt":"2022-02-06T22:00:53","guid":{"rendered":"http:\/\/www.culturaile.com\/?page_id=27"},"modified":"2023-02-22T20:27:01","modified_gmt":"2023-02-22T19:27:01","slug":"accueil","status":"publish","type":"page","link":"http:\/\/www.culturaile.com\/","title":{"rendered":"Accueil &#8211; Le club"},"content":{"rendered":"\n<p class=\"has-drop-cap has-medium-font-size\">Cultur&rsquo;aile, est un club de Vol Libre fond\u00e9 en 2005, qui propose la d\u00e9couverte et l&rsquo;enseignement de la pratique du parapente. Cette structure est agr\u00e9\u00e9e Jeunesse et Sports, et affili\u00e9e \u00e0 la F\u00e9d\u00e9ration Fran\u00e7aise de Vol Libre, dont elle a re\u00e7u le Label Club-\u00c9cole de l&rsquo;ann\u00e9e en cours.<\/p>\n","protected":false},"excerpt":{"rendered":"<p>Cultur&rsquo;aile, est un club de Vol Libre fond\u00e9 en 2005, qui propose la d\u00e9couverte et l&rsquo;enseignement de la pratique du parapente. Cette structure est agr\u00e9\u00e9e Jeunesse et Sports, et affili\u00e9e \u00e0 la F\u00e9d\u00e9ration Fran\u00e7aise de Vol Libre, dont elle a re\u00e7u le Label Club-\u00c9cole de l&rsquo;ann\u00e9e en cours.<\/p>\n","protected":false},"author":2,"featured_media":102,"parent":0,"menu_order":0,"comment_status":"closed","ping_status":"closed","template":"","meta":{"om_disable_all_campaigns":false,"_mi_skip_tracking":false,"_monsterinsights_sitenote_active":false,"_monsterinsights_sitenote_note":"","_monsterinsights_sitenote_category":0,"footnotes":""},"class_list":["post-27","page","type-page","status-publish","has-post-thumbnail","hentry"],"aioseo_notices":[],"_links":{"self":[{"href":"http:\/\/www.culturaile.com\/index.php\/wp-json\/wp\/v2\/pages\/27","targetHints":{"allow":["GET"]}}],"collection":[{"href":"http:\/\/www.culturaile.com\/index.php\/wp-json\/wp\/v2\/pages"}],"about":[{"href":"http:\/\/www.culturaile.com\/index.php\/wp-json\/wp\/v2\/types\/page"}],"author":[{"embeddable":true,"href":"http:\/\/www.culturaile.com\/index.php\/wp-json\/wp\/v2\/users\/2"}],"replies":[{"embeddable":true,"href":"http:\/\/www.culturaile.com\/index.php\/wp-json\/wp\/v2\/comments?post=27"}],"version-history":[{"count":10,"href":"http:\/\/www.culturaile.com\/index.php\/wp-json\/wp\/v2\/pages\/27\/revisions"}],"predecessor-version":[{"id":116,"href":"http:\/\/www.culturaile.com\/index.php\/wp-json\/wp\/v2\/pages\/27\/revisions\/116"}],"wp:featuredmedia":[{"embeddable":true,"href":"http:\/\/www.culturaile.com\/index.php\/wp-json\/wp\/v2\/media\/102"}],"wp:attachment":[{"href":"http:\/\/www.culturaile.com\/index.php\/wp-json\/wp\/v2\/media?parent=27"}],"curies":[{"name":"wp","href":"https:\/\/api.w.org\/{rel}","templated":true}]}}